{"id":6184,"date":"2024-12-02T20:06:52","date_gmt":"2024-12-02T19:06:52","guid":{"rendered":"https:\/\/pires-ronconi.fr\/?page_id=6184"},"modified":"2025-06-10T09:58:29","modified_gmt":"2025-06-10T07:58:29","slug":"nos-realisations-2","status":"publish","type":"page","link":"https:\/\/pires-ronconi.fr\/index.php\/nos-realisations-2\/","title":{"rendered":"Nos R\u00e9alisations"},"content":{"rendered":"\n<div class=\"wp-block-group alignfull\" style=\"margin-top:0px;margin-bottom:0px\"><div class=\"wp-block-group__inner-container is-layout-constrained wp-block-group-is-layout-constrained\">\n<div class=\"wp-block-cover alignfull is-light\" style=\"min-height:650px;aspect-ratio:unset;\"><img decoding=\"async\" class=\"wp-block-cover__image-background wp-image-1712\" alt=\"\" src=\"https:\/\/tyler.com\/wp-content\/uploads\/2023\/11\/Cube-Home-Hero-sec-Image.jpeg\" style=\"object-position:50% 51%\" data-object-fit=\"cover\" data-object-position=\"50% 51%\"\/><span aria-hidden=\"true\" class=\"wp-block-cover__background has-background-dim-0 has-background-dim\"><\/span><div class=\"wp-block-cover__inner-container is-layout-flow wp-block-cover-is-layout-flow\">\n<p class=\"has-text-align-center has-colibri-color-5-color has-text-color has-background has-link-color has-large-font-size wp-elements-5f95b0a57a254dcd2e8c7337440be425\" style=\"background-color:#00000061\">Des projets \u00e0 votre image<\/p>\n<\/div><\/div>\n<\/div><\/div>\n\n\n\n<div class=\"wp-block-group alignfull is-content-justification-center\" style=\"margin-bottom:100px;padding-top:100px;padding-right:65px;padding-left:65px\"><div class=\"wp-block-group__inner-container is-layout-constrained wp-container-core-group-is-layout-33c72fe0 wp-block-group-is-layout-constrained\">\n<div class=\"wp-block-columns alignfull is-layout-flex wp-container-core-columns-is-layout-9d6595d7 wp-block-columns-is-layout-flex\">\n<div class=\"wp-block-column is-layout-flow wp-block-column-is-layout-flow\">\n<h2 class=\"wp-block-heading has-text-color\" style=\"color:#000000;font-size:52px\">Nos R\u00e9alisations R\u00e9centes<\/h2>\n\n\n\n<p class=\"has-text-color\" style=\"color:#000000;font-size:17px;font-style:normal;font-weight:300\">Pour nous, chaque projet de <strong>panneaux solaires<\/strong> \u00e0 la m\u00eame valeur. Nous nous impliquons de la m\u00eame mani\u00e8re, sur des gros projets ou des plus standards, pour vous garantir la meilleure <strong>installation solaire<\/strong> possible, que ce soit pour votre usage personnel ou dans une optique de revente en plus grande ampleur.<\/p>\n<\/div>\n<\/div>\n<\/div><\/div>\n\n\n\n<div class=\"wp-block-group alignfull\" style=\"margin-top:10px;margin-bottom:10px;padding-right:50px;padding-left:50px\"><div class=\"wp-block-group__inner-container is-layout-constrained wp-container-core-group-is-layout-dd82cfc9 wp-block-group-is-layout-constrained\">\n<div class=\"wp-block-columns alignfull is-layout-flex wp-container-core-columns-is-layout-dfec484d wp-block-columns-is-layout-flex\" style=\"margin-top:0px;margin-bottom:0px;padding-right:60px;padding-left:60px\">\n<div class=\"wp-block-column is-layout-flow wp-block-column-is-layout-flow\" style=\"flex-basis:50%\">\n<figure class=\"wp-block-image size-full\"><img loading=\"lazy\" decoding=\"async\" width=\"2560\" height=\"1920\" src=\"https:\/\/pires-ronconi.fr\/wp-content\/uploads\/2024\/12\/IMG_2301-scaled.jpg\" alt=\"\" class=\"wp-image-6502\" style=\"aspect-ratio:4\/3;object-fit:cover\" srcset=\"https:\/\/pires-ronconi.fr\/wp-content\/uploads\/2024\/12\/IMG_2301-scaled.jpg 2560w, https:\/\/pires-ronconi.fr\/wp-content\/uploads\/2024\/12\/IMG_2301-300x225.jpg 300w, https:\/\/pires-ronconi.fr\/wp-content\/uploads\/2024\/12\/IMG_2301-1024x768.jpg 1024w, https:\/\/pires-ronconi.fr\/wp-content\/uploads\/2024\/12\/IMG_2301-768x576.jpg 768w, https:\/\/pires-ronconi.fr\/wp-content\/uploads\/2024\/12\/IMG_2301-1536x1152.jpg 1536w, https:\/\/pires-ronconi.fr\/wp-content\/uploads\/2024\/12\/IMG_2301-2048x1536.jpg 2048w\" sizes=\"auto, (max-width: 2560px) 100vw, 2560px\" \/><\/figure>\n\n\n\n<h4 class=\"wp-block-heading has-text-color has-link-color wp-elements-835715ef340b110ba3cd3850bf43d4af\" style=\"color:#000000;font-size:30px;font-style:normal;font-weight:400;text-decoration:none\">3KWc sur Pierrelatte<\/h4>\n<\/div>\n\n\n\n<div class=\"wp-block-column is-layout-flow wp-block-column-is-layout-flow\" style=\"flex-basis:50%\">\n<figure class=\"wp-block-image size-full\"><img loading=\"lazy\" decoding=\"async\" width=\"1920\" height=\"2560\" src=\"https:\/\/pires-ronconi.fr\/wp-content\/uploads\/2025\/06\/IMG_4258-scaled.jpg\" alt=\"\" class=\"wp-image-6525\" style=\"aspect-ratio:4\/3;object-fit:cover\" srcset=\"https:\/\/pires-ronconi.fr\/wp-content\/uploads\/2025\/06\/IMG_4258-scaled.jpg 1920w, https:\/\/pires-ronconi.fr\/wp-content\/uploads\/2025\/06\/IMG_4258-225x300.jpg 225w, https:\/\/pires-ronconi.fr\/wp-content\/uploads\/2025\/06\/IMG_4258-768x1024.jpg 768w, https:\/\/pires-ronconi.fr\/wp-content\/uploads\/2025\/06\/IMG_4258-1152x1536.jpg 1152w, https:\/\/pires-ronconi.fr\/wp-content\/uploads\/2025\/06\/IMG_4258-1536x2048.jpg 1536w\" sizes=\"auto, (max-width: 1920px) 100vw, 1920px\" \/><\/figure>\n\n\n\n<h4 class=\"wp-block-heading has-text-color has-link-color wp-elements-14b74cf495076fd659c32644048a334d\" style=\"color:#000000;font-size:30px;font-style:normal;font-weight:400;text-decoration:none\">126 KWc \u00e0 Saint-Restitut<\/h4>\n<\/div>\n<\/div>\n<\/div><\/div>\n\n\n\n<div class=\"wp-block-group alignfull\" style=\"padding-right:50px;padding-bottom:100px;padding-left:50px\"><div class=\"wp-block-group__inner-container is-layout-constrained wp-container-core-group-is-layout-bd1b4865 wp-block-group-is-layout-constrained\">\n<div class=\"wp-block-columns alignfull are-vertically-aligned-top is-layout-flex wp-container-core-columns-is-layout-5f7f33b4 wp-block-columns-is-layout-flex\" style=\"margin-top:0px;margin-bottom:0px;padding-top:30px;padding-right:60px;padding-bottom:30px;padding-left:60px\">\n<div class=\"wp-block-column is-vertically-aligned-top is-layout-flow wp-block-column-is-layout-flow\" style=\"flex-basis:50%\">\n<figure class=\"wp-block-image size-full\"><img loading=\"lazy\" decoding=\"async\" width=\"2560\" height=\"2560\" src=\"https:\/\/pires-ronconi.fr\/wp-content\/uploads\/2025\/06\/IMG_4525-edited-scaled.jpg\" alt=\"\" class=\"wp-image-6527\" style=\"aspect-ratio:4\/3;object-fit:cover\" srcset=\"https:\/\/pires-ronconi.fr\/wp-content\/uploads\/2025\/06\/IMG_4525-edited-scaled.jpg 2560w, https:\/\/pires-ronconi.fr\/wp-content\/uploads\/2025\/06\/IMG_4525-edited-300x300.jpg 300w, https:\/\/pires-ronconi.fr\/wp-content\/uploads\/2025\/06\/IMG_4525-edited-1024x1024.jpg 1024w, https:\/\/pires-ronconi.fr\/wp-content\/uploads\/2025\/06\/IMG_4525-edited-150x150.jpg 150w, https:\/\/pires-ronconi.fr\/wp-content\/uploads\/2025\/06\/IMG_4525-edited-768x768.jpg 768w, https:\/\/pires-ronconi.fr\/wp-content\/uploads\/2025\/06\/IMG_4525-edited-1536x1536.jpg 1536w, https:\/\/pires-ronconi.fr\/wp-content\/uploads\/2025\/06\/IMG_4525-edited-2048x2048.jpg 2048w\" sizes=\"auto, (max-width: 2560px) 100vw, 2560px\" \/><\/figure>\n\n\n\n<h4 class=\"wp-block-heading has-text-color has-link-color wp-elements-9cd305e908ce37cc16c1e9940ed02504\" style=\"color:#000000;font-size:30px;font-style:normal;font-weight:400;text-decoration:none\">3KWc \u00e0 Saint-Restitut<\/h4>\n<\/div>\n\n\n\n<div class=\"wp-block-column is-vertically-aligned-top is-layout-flow wp-block-column-is-layout-flow\" style=\"flex-basis:50%\">\n<figure class=\"wp-block-image size-full\"><img decoding=\"async\" src=\"https:\/\/tyler.com\/wp-content\/uploads\/2023\/11\/Cube-Home-2nd-sec-Image4.jpeg\" alt=\"\" class=\"wp-image-1716\" style=\"aspect-ratio:1.3333333333333333;object-fit:cover\"\/><\/figure>\n\n\n\n<h4 class=\"wp-block-heading has-text-color has-link-color wp-elements-ce9a18b995b9ec2ff0da8b4e6e3c54b9\" style=\"color:#000000;font-size:30px;font-style:normal;font-weight:400;text-decoration:none\">3KWc \u00e0 Saint-Paul-Trois-Ch\u00e2teaux<\/h4>\n<\/div>\n<\/div>\n<\/div><\/div>\n","protected":false},"excerpt":{"rendered":"<p>Nos R\u00e9alisations R\u00e9centes Pour nous, chaque projet de panneaux solaires \u00e0 la m\u00eame valeur. Nous nous impliquons de la m\u00eame mani\u00e8re, sur des gros projets ou des plus standards, pour vous garantir la meilleure installation solaire possible, que ce soit pour votre usage personnel ou dans une optique de revente en plus grande ampleur. 3KWc [&hellip;]<\/p>\n","protected":false},"author":1,"featured_media":0,"parent":0,"menu_order":0,"comment_status":"closed","ping_status":"closed","template":"","meta":{"footnotes":""},"class_list":["post-6184","page","type-page","status-publish","hentry"],"_links":{"self":[{"href":"https:\/\/pires-ronconi.fr\/index.php\/wp-json\/wp\/v2\/pages\/6184","targetHints":{"allow":["GET"]}}],"collection":[{"href":"https:\/\/pires-ronconi.fr\/index.php\/wp-json\/wp\/v2\/pages"}],"about":[{"href":"https:\/\/pires-ronconi.fr\/index.php\/wp-json\/wp\/v2\/types\/page"}],"author":[{"embeddable":true,"href":"https:\/\/pires-ronconi.fr\/index.php\/wp-json\/wp\/v2\/users\/1"}],"replies":[{"embeddable":true,"href":"https:\/\/pires-ronconi.fr\/index.php\/wp-json\/wp\/v2\/comments?post=6184"}],"version-history":[{"count":11,"href":"https:\/\/pires-ronconi.fr\/index.php\/wp-json\/wp\/v2\/pages\/6184\/revisions"}],"predecessor-version":[{"id":6528,"href":"https:\/\/pires-ronconi.fr\/index.php\/wp-json\/wp\/v2\/pages\/6184\/revisions\/6528"}],"wp:attachment":[{"href":"https:\/\/pires-ronconi.fr\/index.php\/wp-json\/wp\/v2\/media?parent=6184"}],"curies":[{"name":"wp","href":"https:\/\/api.w.org\/{rel}","templated":true}]}}