{"id":6163,"date":"2024-11-27T14:14:11","date_gmt":"2024-11-27T13:14:11","guid":{"rendered":"https:\/\/pires-ronconi.fr\/?page_id=6163"},"modified":"2024-12-03T09:08:07","modified_gmt":"2024-12-03T08:08:07","slug":"panneaux-photovoltaiques","status":"publish","type":"page","link":"https:\/\/pires-ronconi.fr\/index.php\/panneaux-photovoltaiques\/","title":{"rendered":"Panneaux Photovolta\u00efques"},"content":{"rendered":"\n<div class=\"wp-block-cover alignfull has-parallax\" style=\"padding-top:17%;padding-bottom:3rem;min-height:100vh;aspect-ratio:unset;\"><span aria-hidden=\"true\" class=\"wp-block-cover__background has-background-dim-30 has-background-dim\"><\/span><div class=\"wp-block-cover__image-background wp-image-1452 has-parallax\" style=\"background-position:50% 50%;background-image:url(https:\/\/images.unsplash.com\/photo-1509391366360-2e959784a276?ixid=M3w1NjExMzd8MHwxfHNlYXJjaHw1fHxzb2xhcnxlbnwwfHx8fDE3MzI2MjYyNTF8MA&amp;ixlib=rb-4.0.3&amp;fm=webp&amp;w=1937)\"><\/div><div class=\"wp-block-cover__inner-container is-layout-constrained wp-container-core-cover-is-layout-34eb5d6b wp-block-cover-is-layout-constrained\">\n<div class=\"wp-block-group alignwide is-vertical is-content-justification-stretch is-layout-flex wp-container-core-group-is-layout-d9786264 wp-block-group-is-layout-flex\" style=\"min-height:520px\">\n<h3 class=\"wp-block-heading has-text-align-left has-text-color\" style=\"color:#ffffff;margin-bottom:1.01rem;font-size:4.41rem;font-style:normal;font-weight:400;line-height:1.2;text-transform:uppercase\">votre propre centrale solaire<\/h3>\n\n\n\n<div class=\"wp-block-group\"><div class=\"wp-block-group__inner-container is-layout-constrained wp-container-core-group-is-layout-3e296035 wp-block-group-is-layout-constrained\">\n<div class=\"wp-block-group is-vertical is-content-justification-stretch is-layout-flex wp-container-core-group-is-layout-406e89aa wp-block-group-is-layout-flex\" style=\"margin-top:1.51rem;padding-right:0px;padding-left:0px\">\n<div class=\"wp-block-group is-content-justification-left\" style=\"margin-top:0px\"><div class=\"wp-block-group__inner-container is-layout-constrained wp-container-core-group-is-layout-2a5f2820 wp-block-group-is-layout-constrained\">\n<div class=\"wp-block-buttons is-horizontal is-content-justification-right is-layout-flex wp-container-core-buttons-is-layout-f0b8a5be wp-block-buttons-is-layout-flex\" style=\"margin-top:0.51rem\">\n<div class=\"wp-block-button has-custom-width wp-block-button__width-100 has-custom-font-size is-style-outline is-style-outline--1\" style=\"font-size:0.9rem;font-style:normal;font-weight:600;line-height:1.5;text-transform:uppercase\"><a class=\"wp-block-button__link has-text-color has-background wp-element-button\" href=\"https:\/\/pires-ronconi.fr\/index.php\/contact\/\" style=\"border-style:none;border-width:0px;border-radius:0rem;color:#ffffff;background-color:#1173c5;padding-top:1.01rem;padding-right:1rem;padding-bottom:1.01rem;padding-left:1rem\">demandez votre devis gratuit<\/a><\/div>\n<\/div>\n<\/div><\/div>\n<\/div>\n<\/div><\/div>\n<\/div>\n<\/div><\/div>\n\n\n\n<section class=\"wp-block-group alignfull has-text-color has-background\" style=\"border-style:none;border-width:0px;color:#ffffff;background-color:#1b253d;margin-top:0px;padding-top:4rem;padding-bottom:4rem;font-size:1.13rem;font-style:normal;font-weight:400;line-height:1.4\"><div class=\"wp-block-group__inner-container is-layout-constrained wp-container-core-group-is-layout-f36d9d26 wp-block-group-is-layout-constrained\">\n<div class=\"wp-block-columns is-layout-flex wp-container-core-columns-is-layout-4f220f9b wp-block-columns-is-layout-flex\">\n<div class=\"wp-block-column is-layout-flow wp-block-column-is-layout-flow\" style=\"border-right-color:#ffffff3d;border-right-width:1px;padding-top:10px;padding-right:40px;padding-bottom:10px;padding-left:40px\">\n<h2 class=\"wp-block-heading has-text-align-center has-text-color\" style=\"color:#ffffff;margin-bottom:0rem;font-size:3.5rem;font-style:normal;font-weight:500;line-height:0.8;text-transform:uppercase\">+ 30<\/h2>\n\n\n\n<h3 class=\"wp-block-heading has-text-align-center has-text-color\" style=\"color:#ffffff;margin-top:1.8rem;font-size:1.5rem;font-style:normal;font-weight:700\"><strong>Ann\u00e9es d&rsquo;exp\u00e9rience<\/strong><\/h3>\n\n\n\n<p class=\"has-text-align-center has-text-color\" style=\"color:#ffffff;font-size:0.9rem;font-style:normal;font-weight:400\">Depuis plus de 30 ans, nous vous accompagnons <\/p>\n<\/div>\n\n\n\n<div class=\"wp-block-column is-layout-flow wp-block-column-is-layout-flow\" style=\"border-right-color:#ffffff3d;border-right-width:1px;padding-top:10px;padding-right:40px;padding-bottom:10px;padding-left:40px\">\n<h2 class=\"wp-block-heading has-text-align-center has-text-color\" style=\"color:#ffffff;margin-bottom:0rem;font-size:3.5rem;font-style:normal;font-weight:500;line-height:0.8;text-transform:uppercase\">8<\/h2>\n\n\n\n<h3 class=\"wp-block-heading has-text-align-center has-text-color\" style=\"color:#f8f9fa;margin-top:1.8rem;font-size:1.5rem;font-style:normal;font-weight:700\"><strong><strong>An<\/strong><\/strong>s<\/h3>\n\n\n\n<p class=\"has-text-align-center has-text-color\" style=\"color:#fefefe;font-size:0.9rem;font-style:normal;font-weight:400\">C&rsquo;est le temps moyen qu&rsquo;une installation de panneaux solaires met pour \u00eatre amortie<\/p>\n<\/div>\n\n\n\n<div class=\"wp-block-column is-layout-flow wp-block-column-is-layout-flow\" style=\"padding-top:10px;padding-right:40px;padding-bottom:10px;padding-left:40px\">\n<h2 class=\"wp-block-heading has-text-align-center has-text-color\" style=\"color:#ffffff;margin-bottom:0rem;font-size:3.5rem;font-style:normal;font-weight:500;line-height:0.8;text-transform:uppercase\"><strong>70 % <\/strong><\/h2>\n\n\n\n<h3 class=\"wp-block-heading has-text-align-center has-text-color\" style=\"color:#ffffff;margin-top:1.8rem;font-size:1.5rem;font-style:normal;font-weight:700\">D&rsquo;augmentation<\/h3>\n\n\n\n<p class=\"has-text-align-center has-text-color\" style=\"color:#f3f3f3;font-size:0.9rem;font-style:normal;font-weight:400\">Le prix de l&rsquo;\u00e9lectricit\u00e9 en France va augmenter d&rsquo;au moins 70% d&rsquo;ici 2040 d&rsquo;apr\u00e8s les estimations.<\/p>\n<\/div>\n<\/div>\n<\/div><\/section>\n\n\n\n<div class=\"wp-block-group alignfull\" style=\"margin-top:0px;margin-bottom:0px;padding-top:0rem;padding-right:0;padding-left:0\"><div class=\"wp-block-group__inner-container is-layout-constrained wp-container-core-group-is-layout-902afbaf wp-block-group-is-layout-constrained\">\n<div class=\"wp-block-columns are-vertically-aligned-center is-layout-flex wp-container-core-columns-is-layout-c8aa54ac wp-block-columns-is-layout-flex\" style=\"margin-top:0px;margin-bottom:0px;padding-right:0px;padding-left:0px\">\n<div class=\"wp-block-column is-vertically-aligned-center is-layout-flow wp-block-column-is-layout-flow\" style=\"padding-right:0px;padding-left:0px;flex-basis:50%\">\n<div class=\"wp-block-cover\" style=\"padding-top:0px;padding-right:0px;padding-bottom:0px;padding-left:0px;min-height:650px;aspect-ratio:unset;\"><span aria-hidden=\"true\" class=\"wp-block-cover__background has-background-dim-0 has-background-dim\" style=\"background-color:#807172\"><\/span><img loading=\"lazy\" decoding=\"async\" width=\"2560\" height=\"1920\" class=\"wp-block-cover__image-background wp-image-6249\" alt=\"\" src=\"https:\/\/pires-ronconi.fr\/wp-content\/uploads\/2024\/11\/IMG_1982-scaled.jpg\" style=\"object-position:50% 54%\" data-object-fit=\"cover\" data-object-position=\"50% 54%\" srcset=\"https:\/\/pires-ronconi.fr\/wp-content\/uploads\/2024\/11\/IMG_1982-scaled.jpg 2560w, https:\/\/pires-ronconi.fr\/wp-content\/uploads\/2024\/11\/IMG_1982-300x225.jpg 300w, https:\/\/pires-ronconi.fr\/wp-content\/uploads\/2024\/11\/IMG_1982-1024x768.jpg 1024w, https:\/\/pires-ronconi.fr\/wp-content\/uploads\/2024\/11\/IMG_1982-768x576.jpg 768w, https:\/\/pires-ronconi.fr\/wp-content\/uploads\/2024\/11\/IMG_1982-1536x1152.jpg 1536w, https:\/\/pires-ronconi.fr\/wp-content\/uploads\/2024\/11\/IMG_1982-2048x1536.jpg 2048w\" sizes=\"auto, (max-width: 2560px) 100vw, 2560px\" \/><div class=\"wp-block-cover__inner-container is-layout-flow wp-block-cover-is-layout-flow\">\n<p class=\"has-text-align-center has-large-font-size\"><\/p>\n<\/div><\/div>\n<\/div>\n\n\n\n<div class=\"wp-block-column is-vertically-aligned-center is-content-justification-left is-layout-constrained wp-container-core-column-is-layout-c8012837 wp-block-column-is-layout-constrained\" style=\"padding-right:0rem;padding-left:0rem\">\n<div class=\"wp-block-group is-vertical is-layout-flex wp-container-core-group-is-layout-9a39b6da wp-block-group-is-layout-flex\" style=\"margin-top:0px;margin-bottom:2rem;padding-right:1rem;padding-left:1rem;line-height:0.5\">\n<h2 class=\"wp-block-heading has-text-align-left has-text-color has-cormorant-font-family\" style=\"color:#141e31;margin-bottom:0rem;padding-bottom:0px;font-size:2.9rem;font-style:normal;font-weight:500;line-height:0.6;text-transform:uppercase\">Comment \u00e7a marche ?<\/h2>\n\n\n\n<figure class=\"wp-block-image size-large is-resized\"><img decoding=\"async\" src=\"https:\/\/tyler.com\/wp-content\/uploads\/2023\/11\/stone-line.svg\" alt=\"\" class=\"wp-image-1468\" style=\"object-fit:cover;width:200px;height:3px\"\/><\/figure>\n\n\n\n<p class=\"has-text-color has-mulish-font-family\" style=\"color:#3f3f3f;margin-top:2rem;font-size:0.9rem;font-style:normal;font-weight:700;line-height:1.5\">Un accompagnement cl\u00e9 en main pour maximiser vos \u00e9conomies gr\u00e2ce \u00e0 l&rsquo;\u00e9nergie solaire performante<\/p>\n\n\n\n<p class=\"has-text-color\" style=\"color:#3f3f3f;font-size:0.9rem;font-style:normal;font-weight:400;line-height:1.5\">Chez Pires Ronconi Fr\u00e8res, nous simplifions votre transition \u00e9nerg\u00e9tique : \u00e9tude de faisabilit\u00e9, installation cl\u00e9 en main et accompagnement administratif. Nos experts installent des \u00e9quipements performants, adapt\u00e9s \u00e0 vos besoins, pour maximiser vos \u00e9conomies et votre autoconsommation solaire. <\/p>\n\n\n\n<p class=\"has-text-color\" style=\"color:#3f3f3f;font-size:0.9rem;font-style:normal;font-weight:400;line-height:1.5\">Contactez-nous pour d\u00e9couvrir un service complet, du projet \u00e0 la production !<\/p>\n\n\n\n<div class=\"wp-block-group is-layout-flex wp-block-group-is-layout-flex\" style=\"margin-top:3rem\">\n<div class=\"wp-block-group is-vertical is-content-justification-stretch is-layout-flex wp-container-core-group-is-layout-4b2b0ac3 wp-block-group-is-layout-flex\" style=\"margin-top:0rem;padding-right:0px;padding-left:0px\">\n<div class=\"wp-block-group is-content-justification-left\" style=\"margin-top:0px\"><div class=\"wp-block-group__inner-container is-layout-constrained wp-container-core-group-is-layout-2a5f2820 wp-block-group-is-layout-constrained\">\n<div class=\"wp-block-buttons is-horizontal is-content-justification-right is-layout-flex wp-container-core-buttons-is-layout-f0b8a5be wp-block-buttons-is-layout-flex\" style=\"margin-top:0.51rem\">\n<div class=\"wp-block-button has-custom-width wp-block-button__width-100 has-custom-font-size is-style-fill has-mulish-font-family\" style=\"font-size:0.9rem;font-style:normal;font-weight:600;line-height:1.5;text-transform:uppercase\"><a class=\"wp-block-button__link has-text-color has-background wp-element-button\" href=\"https:\/\/pires-ronconi.fr\/index.php\/contact\/\" style=\"border-style:none;border-width:0px;border-radius:0rem;color:#ffffff;background-color:#1173c5;padding-top:1.01rem;padding-right:1rem;padding-bottom:1.01rem;padding-left:1rem\">\u00e0 votre tour !<\/a><\/div>\n<\/div>\n<\/div><\/div>\n<\/div>\n<\/div>\n<\/div>\n<\/div>\n<\/div>\n<\/div><\/div>\n\n\n\n<section class=\"wp-block-group alignfull has-text-color\" style=\"color:#3f3f3f;margin-top:0px;padding-top:5.01rem;padding-right:1rem;padding-bottom:5rem;padding-left:1rem;font-size:1.13rem;font-style:normal;font-weight:400;line-height:1.4\"><div class=\"wp-block-group__inner-container is-layout-constrained wp-container-core-group-is-layout-51a049d2 wp-block-group-is-layout-constrained\">\n<div class=\"wp-block-group\"><div class=\"wp-block-group__inner-container is-layout-constrained wp-container-core-group-is-layout-9efc3336 wp-block-group-is-layout-constrained\">\n<div class=\"wp-block-columns is-layout-flex wp-container-core-columns-is-layout-e4713f81 wp-block-columns-is-layout-flex\" style=\"margin-bottom:1.01rem;padding-left:1rem\">\n<div class=\"wp-block-column is-content-justification-left is-layout-constrained wp-container-core-column-is-layout-8c890d92 wp-block-column-is-layout-constrained\">\n<div class=\"wp-block-group is-content-justification-left\"><div class=\"wp-block-group__inner-container is-layout-constrained wp-container-core-group-is-layout-50d4fa41 wp-block-group-is-layout-constrained\">\n<h2 class=\"wp-block-heading has-text-align-left has-text-color has-link-color has-cormorant-font-family wp-elements-4e078b151651804d8f63b459441b8efd\" style=\"color:#3f3f3f;font-size:46px;font-style:normal;font-weight:500;line-height:1.2\">UNE EQUIPE D&rsquo;EXPERTS<\/h2>\n<\/div><\/div>\n<\/div>\n\n\n\n<div class=\"wp-block-column is-layout-flow wp-block-column-is-layout-flow\" style=\"flex-basis:55%\">\n<div class=\"wp-block-group is-content-justification-left\" style=\"padding-right:10%\"><div class=\"wp-block-group__inner-container is-layout-constrained wp-container-core-group-is-layout-28c3bcbd wp-block-group-is-layout-constrained\">\n<p class=\"has-text-color has-mulish-font-family\" style=\"color:#3f3f3f;font-size:16px;font-style:normal;font-weight:400\">Notre \u00e9quipe d&rsquo;experts est compos\u00e9e de techniciens qualifi\u00e9s et passionn\u00e9s, sp\u00e9cialis\u00e9s dans les \u00e9nergies renouvelables. Forts de leur exp\u00e9rience et de leur savoir-faire, ils vous accompagnent \u00e0 chaque \u00e9tape de votre projet, de l&rsquo;\u00e9tude technique \u00e0 l&rsquo;installation sur-mesure. Leur mission : garantir des solutions fiables, performantes et adapt\u00e9es \u00e0 vos besoins \u00e9nerg\u00e9tiques.<\/p>\n\n\n\n<div class=\"wp-block-buttons is-content-justification-left is-layout-flex wp-container-core-buttons-is-layout-fdcfc74e wp-block-buttons-is-layout-flex\">\n<div class=\"wp-block-button has-custom-font-size has-mulish-font-family\" style=\"font-size:16px\"><a class=\"wp-block-button__link has-text-color has-background has-link-color wp-element-button\" href=\"https:\/\/pires-ronconi.fr\/index.php\/contact\/\" style=\"border-radius:0px;color:#ffffff;background-color:#1173c5;padding-top:10px;padding-right:30px;padding-bottom:10px;padding-left:30px\">CONTACTEZ-NOUS<\/a><\/div>\n<\/div>\n<\/div><\/div>\n<\/div>\n<\/div>\n<\/div><\/div>\n\n\n\n<div class=\"wp-block-group\" style=\"margin-top:4rem\"><div class=\"wp-block-group__inner-container is-layout-constrained wp-container-core-group-is-layout-6d985aa7 wp-block-group-is-layout-constrained\">\n<div class=\"wp-block-columns is-layout-flex wp-container-core-columns-is-layout-6013020d wp-block-columns-is-layout-flex\">\n<div class=\"wp-block-column is-layout-constrained wp-container-core-column-is-layout-64d1d93a wp-block-column-is-layout-constrained\">\n<figure class=\"wp-block-gallery aligncenter has-nested-images columns-default is-cropped wp-block-gallery-2 is-layout-flex wp-block-gallery-is-layout-flex\">\n<figure class=\"wp-block-image size-full\"><img loading=\"lazy\" decoding=\"async\" width=\"1920\" height=\"2560\" data-id=\"6246\" src=\"https:\/\/pires-ronconi.fr\/wp-content\/uploads\/2024\/11\/IMG_2037-1-scaled.jpg\" alt=\"\" class=\"wp-image-6246\" srcset=\"https:\/\/pires-ronconi.fr\/wp-content\/uploads\/2024\/11\/IMG_2037-1-scaled.jpg 1920w, https:\/\/pires-ronconi.fr\/wp-content\/uploads\/2024\/11\/IMG_2037-1-225x300.jpg 225w, https:\/\/pires-ronconi.fr\/wp-content\/uploads\/2024\/11\/IMG_2037-1-768x1024.jpg 768w, https:\/\/pires-ronconi.fr\/wp-content\/uploads\/2024\/11\/IMG_2037-1-1152x1536.jpg 1152w, https:\/\/pires-ronconi.fr\/wp-content\/uploads\/2024\/11\/IMG_2037-1-1536x2048.jpg 1536w\" sizes=\"auto, (max-width: 1920px) 100vw, 1920px\" \/><\/figure>\n<\/figure>\n\n\n\n<h4 class=\"wp-block-heading has-text-align-center has-text-color has-cormorant-font-family\" style=\"color:#1c2a45;padding-top:20px;font-size:1.6rem;line-height:1.0\">YANN<\/h4>\n\n\n\n<p class=\"has-text-align-center has-text-color has-mulish-font-family\" style=\"color:#1173c5;margin-top:5px;font-size:15px;letter-spacing:1px\">Electricien sp\u00e9cialis\u00e9 dans l&rsquo;installation de Panneaux Solaires<\/p>\n<\/div>\n\n\n\n<div class=\"wp-block-column is-layout-constrained wp-container-core-column-is-layout-64d1d93a wp-block-column-is-layout-constrained\">\n<figure class=\"wp-block-gallery aligncenter has-nested-images columns-default is-cropped wp-block-gallery-3 is-layout-flex wp-block-gallery-is-layout-flex\">\n<figure class=\"wp-block-image size-full\"><img loading=\"lazy\" decoding=\"async\" width=\"1920\" height=\"2560\" data-id=\"6243\" src=\"https:\/\/pires-ronconi.fr\/wp-content\/uploads\/2024\/11\/IMG_2015-scaled.jpg\" alt=\"\" class=\"wp-image-6243\" srcset=\"https:\/\/pires-ronconi.fr\/wp-content\/uploads\/2024\/11\/IMG_2015-scaled.jpg 1920w, https:\/\/pires-ronconi.fr\/wp-content\/uploads\/2024\/11\/IMG_2015-225x300.jpg 225w, https:\/\/pires-ronconi.fr\/wp-content\/uploads\/2024\/11\/IMG_2015-768x1024.jpg 768w, https:\/\/pires-ronconi.fr\/wp-content\/uploads\/2024\/11\/IMG_2015-1152x1536.jpg 1152w, https:\/\/pires-ronconi.fr\/wp-content\/uploads\/2024\/11\/IMG_2015-1536x2048.jpg 1536w\" sizes=\"auto, (max-width: 1920px) 100vw, 1920px\" \/><\/figure>\n<\/figure>\n\n\n\n<h4 class=\"wp-block-heading has-text-align-center has-text-color has-cormorant-font-family\" style=\"color:#1c2a45;padding-top:20px;font-size:1.6rem;line-height:1.0\">Sebastien<\/h4>\n\n\n\n<p class=\"has-text-align-center has-text-color has-mulish-font-family\" style=\"color:#1173c5;margin-top:5px;font-size:15px;letter-spacing:1px\">Sp\u00e9cialis\u00e9 dans le raccordement et mise en route de Panneaux Solaires<\/p>\n<\/div>\n\n\n\n<div class=\"wp-block-column is-layout-constrained wp-container-core-column-is-layout-64d1d93a wp-block-column-is-layout-constrained\">\n<figure class=\"wp-block-gallery aligncenter has-nested-images columns-default is-cropped wp-block-gallery-4 is-layout-flex wp-block-gallery-is-layout-flex\">\n<figure class=\"wp-block-image size-full is-style-default\"><img loading=\"lazy\" decoding=\"async\" width=\"1920\" height=\"2560\" data-id=\"6178\" src=\"https:\/\/pires-ronconi.fr\/wp-content\/uploads\/2024\/11\/IMG_2050-scaled.jpg\" alt=\"\" class=\"wp-image-6178\" srcset=\"https:\/\/pires-ronconi.fr\/wp-content\/uploads\/2024\/11\/IMG_2050-scaled.jpg 1920w, https:\/\/pires-ronconi.fr\/wp-content\/uploads\/2024\/11\/IMG_2050-225x300.jpg 225w, https:\/\/pires-ronconi.fr\/wp-content\/uploads\/2024\/11\/IMG_2050-768x1024.jpg 768w, https:\/\/pires-ronconi.fr\/wp-content\/uploads\/2024\/11\/IMG_2050-1152x1536.jpg 1152w, https:\/\/pires-ronconi.fr\/wp-content\/uploads\/2024\/11\/IMG_2050-1536x2048.jpg 1536w\" sizes=\"auto, (max-width: 1920px) 100vw, 1920px\" \/><\/figure>\n<\/figure>\n\n\n\n<h4 class=\"wp-block-heading has-text-align-center has-text-color has-cormorant-font-family\" style=\"color:#1c2a45;padding-top:20px;font-size:1.6rem;line-height:1.0\">Sebastien Pir\u00e8s<\/h4>\n\n\n\n<p class=\"has-text-align-center has-text-color has-mulish-font-family\" style=\"color:#1173c5;margin-top:5px;font-size:15px;letter-spacing:1px\">Co-g\u00e9rant, en charge de la section Electricit\u00e9<\/p>\n<\/div>\n\n\n\n<div class=\"wp-block-column is-layout-constrained wp-container-core-column-is-layout-64d1d93a wp-block-column-is-layout-constrained\">\n<figure class=\"wp-block-gallery aligncenter has-nested-images columns-default is-cropped wp-block-gallery-5 is-layout-flex wp-block-gallery-is-layout-flex\">\n<figure class=\"wp-block-image size-full\"><img loading=\"lazy\" decoding=\"async\" width=\"1920\" height=\"2560\" data-id=\"6247\" src=\"https:\/\/pires-ronconi.fr\/wp-content\/uploads\/2024\/11\/IMG_2068-scaled.jpg\" alt=\"\" class=\"wp-image-6247\" srcset=\"https:\/\/pires-ronconi.fr\/wp-content\/uploads\/2024\/11\/IMG_2068-scaled.jpg 1920w, https:\/\/pires-ronconi.fr\/wp-content\/uploads\/2024\/11\/IMG_2068-225x300.jpg 225w, https:\/\/pires-ronconi.fr\/wp-content\/uploads\/2024\/11\/IMG_2068-768x1024.jpg 768w, https:\/\/pires-ronconi.fr\/wp-content\/uploads\/2024\/11\/IMG_2068-1152x1536.jpg 1152w, https:\/\/pires-ronconi.fr\/wp-content\/uploads\/2024\/11\/IMG_2068-1536x2048.jpg 1536w\" sizes=\"auto, (max-width: 1920px) 100vw, 1920px\" \/><\/figure>\n<\/figure>\n\n\n\n<h4 class=\"wp-block-heading has-text-align-center has-text-color has-cormorant-font-family\" style=\"color:#1c2a45;padding-top:20px;font-size:1.6rem;line-height:1.0\">Maxence<\/h4>\n\n\n\n<p class=\"has-text-align-center has-text-color has-mulish-font-family\" style=\"color:#1173c5;margin-top:5px;font-size:15px;letter-spacing:1px\">Charg\u00e9 de d\u00e9veloppement, il vous accompagne jusqu&rsquo;au d\u00e9but du chantier<\/p>\n<\/div>\n<\/div>\n<\/div><\/div>\n<\/div><\/section>\n\n\n\n<div class=\"wp-block-cover alignfull\" style=\"margin-top:0px;margin-bottom:0px;padding-top:5.5rem;padding-bottom:5rem\"><span aria-hidden=\"true\" class=\"wp-block-cover__background has-background-dim-80 has-background-dim\" style=\"background-color:#1d2840\"><\/span><img loading=\"lazy\" decoding=\"async\" width=\"1792\" height=\"1024\" class=\"wp-block-cover__image-background wp-image-6115\" alt=\"\" src=\"https:\/\/pires-ronconi.fr\/wp-content\/uploads\/2024\/10\/1b60dcea-c228-435c-a93a-5bb59914cf57.webp\" data-object-fit=\"cover\" srcset=\"https:\/\/pires-ronconi.fr\/wp-content\/uploads\/2024\/10\/1b60dcea-c228-435c-a93a-5bb59914cf57.webp 1792w, https:\/\/pires-ronconi.fr\/wp-content\/uploads\/2024\/10\/1b60dcea-c228-435c-a93a-5bb59914cf57-300x171.webp 300w, https:\/\/pires-ronconi.fr\/wp-content\/uploads\/2024\/10\/1b60dcea-c228-435c-a93a-5bb59914cf57-1024x585.webp 1024w, https:\/\/pires-ronconi.fr\/wp-content\/uploads\/2024\/10\/1b60dcea-c228-435c-a93a-5bb59914cf57-768x439.webp 768w, https:\/\/pires-ronconi.fr\/wp-content\/uploads\/2024\/10\/1b60dcea-c228-435c-a93a-5bb59914cf57-1536x878.webp 1536w\" sizes=\"auto, (max-width: 1792px) 100vw, 1792px\" \/><div class=\"wp-block-cover__inner-container is-layout-constrained wp-container-core-cover-is-layout-c710334c wp-block-cover-is-layout-constrained\">\n<section class=\"wp-block-group has-text-color\" style=\"border-style:none;border-width:0px;color:#ffffff;margin-top:0px;padding-top:1rem;padding-right:1rem;padding-bottom:0rem;padding-left:1rem;font-size:1.13rem;font-style:normal;font-weight:400;line-height:1.4\"><div class=\"wp-block-group__inner-container is-layout-constrained wp-container-core-group-is-layout-be370e97 wp-block-group-is-layout-constrained\">\n<h2 class=\"wp-block-heading has-text-align-center has-text-color has-link-color wp-elements-4daf46d260eb251a9996936a99cde9be\" style=\"color:#ffffff;font-size:3rem;font-style:normal;font-weight:500;letter-spacing:0px;text-transform:uppercase\">NOs r\u00e9alisations<\/h2>\n<\/div><\/section>\n\n\n\n<p class=\"has-text-align-center has-text-color has-link-color has-mulish-font-family wp-elements-24605d6319cb9dc3bd6f65ff4978193a\" style=\"color:#ffffff;font-size:16px\">Parce que des images valent mieux que mille mots, retrouvez ici quelques r\u00e9alisations faites par nos soins, allant d&rsquo;installations simples de 3KWc (projet standard pour les particuliers) \u00e0 des installations plus imposantes pouvant atteindre les 500KWc et plus !<\/p>\n\n\n\n<div class=\"wp-block-buttons is-horizontal is-content-justification-center is-layout-flex wp-container-core-buttons-is-layout-cdbfcf9f wp-block-buttons-is-layout-flex\" style=\"margin-top:2rem\">\n<div class=\"wp-block-button has-custom-font-size is-style-fill has-mulish-font-family\" style=\"font-size:0.9rem;font-style:normal;font-weight:600;line-height:1.5;text-transform:uppercase\"><a class=\"wp-block-button__link has-text-color has-background wp-element-button\" href=\"https:\/\/pires-ronconi.fr\/index.php\/nos-realisations-2\/\" style=\"border-style:none;border-width:0px;border-radius:0rem;color:#ffffff;background-color:#1173c5;padding-top:1.01rem;padding-right:1rem;padding-bottom:1.01rem;padding-left:1rem\">D\u00e9couvrez nos projets<\/a><\/div>\n<\/div>\n<\/div><\/div>\n","protected":false},"excerpt":{"rendered":"<p>+ 30 Ann\u00e9es d&rsquo;exp\u00e9rience Depuis plus de 30 ans, nous vous accompagnons 8 Ans C&rsquo;est le temps moyen qu&rsquo;une installation de panneaux solaires met pour \u00eatre amortie 70 % D&rsquo;augmentation Le prix de l&rsquo;\u00e9lectricit\u00e9 en France va augmenter d&rsquo;au moins 70% d&rsquo;ici 2040 d&rsquo;apr\u00e8s les estimations. Comment \u00e7a marche ? Un accompagnement cl\u00e9 en main [&hellip;]<\/p>\n","protected":false},"author":1,"featured_media":0,"parent":0,"menu_order":0,"comment_status":"closed","ping_status":"closed","template":"","meta":{"footnotes":""},"class_list":["post-6163","page","type-page","status-publish","hentry"],"_links":{"self":[{"href":"https:\/\/pires-ronconi.fr\/index.php\/wp-json\/wp\/v2\/pages\/6163","targetHints":{"allow":["GET"]}}],"collection":[{"href":"https:\/\/pires-ronconi.fr\/index.php\/wp-json\/wp\/v2\/pages"}],"about":[{"href":"https:\/\/pires-ronconi.fr\/index.php\/wp-json\/wp\/v2\/types\/page"}],"author":[{"embeddable":true,"href":"https:\/\/pires-ronconi.fr\/index.php\/wp-json\/wp\/v2\/users\/1"}],"replies":[{"embeddable":true,"href":"https:\/\/pires-ronconi.fr\/index.php\/wp-json\/wp\/v2\/comments?post=6163"}],"version-history":[{"count":23,"href":"https:\/\/pires-ronconi.fr\/index.php\/wp-json\/wp\/v2\/pages\/6163\/revisions"}],"predecessor-version":[{"id":6315,"href":"https:\/\/pires-ronconi.fr\/index.php\/wp-json\/wp\/v2\/pages\/6163\/revisions\/6315"}],"wp:attachment":[{"href":"https:\/\/pires-ronconi.fr\/index.php\/wp-json\/wp\/v2\/media?parent=6163"}],"curies":[{"name":"wp","href":"https:\/\/api.w.org\/{rel}","templated":true}]}}